{"id":559,"date":"2021-09-01T18:36:27","date_gmt":"2021-09-01T16:36:27","guid":{"rendered":"https:\/\/logios-traducciones.biz\/?page_id=559"},"modified":"2021-09-01T18:40:54","modified_gmt":"2021-09-01T16:40:54","slug":"about-us","status":"publish","type":"page","link":"https:\/\/logios-traducciones.biz\/en\/about-us\/","title":{"rendered":"About us"},"content":{"rendered":"<style>.wp-block-kadence-spacer.kt-block-spacer-_c4fc25-85 .kt-block-spacer{height:40px;}.wp-block-kadence-spacer.kt-block-spacer-_c4fc25-85 .kt-divider{border-top-width:1px;height:1px;border-top-color:#eee;width:80%;border-top-style:solid;}<\/style>\n<div class=\"wp-block-kadence-spacer aligncenter kt-block-spacer-_c4fc25-85 kvs-sm-false\"><div class=\"kt-block-spacer kt-block-spacer-halign-center\" style=\"height:40px\"><\/div><\/div>\n\n\n<style>#kt-layout-id_389e81-95 > .kt-row-column-wrap{align-content:center;}:where(#kt-layout-id_389e81-95 > .kt-row-column-wrap) > .wp-block-kadence-column{justify-content:center;}#kt-layout-id_389e81-95 > .kt-row-column-wrap{column-gap:40px;row-gap:var(--global-kb-gap-md, 2rem);max-width:1120px;margin-left:auto;margin-right:auto;padding-top:var( --global-kb-row-default-top, 25px );padding-bottom:var( --global-kb-row-default-bottom, 25px );padding-top:40px;padding-bottom:60px;grid-template-columns:minmax(0, calc(70% - ((40px * 1 )\/2)))minmax(0, calc(30% - ((40px * 1 )\/2)));}#kt-layout-id_389e81-95 > .kt-row-layout-overlay{opacity:0.30;}#kt-layout-id_389e81-95 .kt-row-layout-bottom-sep{height:120px;}#kt-layout-id_389e81-95 .kt-row-layout-bottom-sep svg{width:100%;}#kt-layout-id_389e81-95 .kt-row-layout-bottom-sep svg{fill:var(--global-palette8, #F7FAFC)!important;}#kt-layout-id_389e81-95 .kt-row-layout-top-sep{height:100px;}#kt-layout-id_389e81-95 .kt-row-layout-top-sep svg{width:100%;}#kt-layout-id_389e81-95 .kt-row-layout-top-sep svg{fill:#ffffff!important;}@media all and (max-width: 1024px){#kt-layout-id_389e81-95 > .kt-row-column-wrap{grid-template-columns:minmax(0, 2fr) minmax(0, 1fr);}}@media all and (max-width: 1024px){#kt-layout-id_389e81-95 .kt-row-layout-bottom-sep{height:px;}}@media all and (max-width: 1024px){#kt-layout-id_389e81-95 .kt-row-layout-bottom-sep svg{width:%;}}@media all and (max-width: 767px){#kt-layout-id_389e81-95 > .kt-row-column-wrap{grid-template-columns:minmax(0, 1fr);}#kt-layout-id_389e81-95 > .kt-row-column-wrap > .wp-block-kadence-column:nth-child(1 of *:not(style)){order:2;}#kt-layout-id_389e81-95 > .kt-row-column-wrap > .wp-block-kadence-column:nth-child(2 of *:not(style)){order:1;}#kt-layout-id_389e81-95 > .kt-row-column-wrap > .wp-block-kadence-column:nth-child(3 of *:not(style)){order:12;}#kt-layout-id_389e81-95 > .kt-row-column-wrap > .wp-block-kadence-column:nth-child(4 of *:not(style)){order:11;}#kt-layout-id_389e81-95 > .kt-row-column-wrap > .wp-block-kadence-column:nth-child(5 of *:not(style)){order:22;}#kt-layout-id_389e81-95 > .kt-row-column-wrap > .wp-block-kadence-column:nth-child(6 of *:not(style)){order:21;}#kt-layout-id_389e81-95 > .kt-row-column-wrap > .wp-block-kadence-column:nth-child(7 of *:not(style)){order:32;}#kt-layout-id_389e81-95 > .kt-row-column-wrap > .wp-block-kadence-column:nth-child(8 of *:not(style)){order:31;}#kt-layout-id_389e81-95 .kt-row-layout-bottom-sep{height:px;}#kt-layout-id_389e81-95 .kt-row-layout-bottom-sep svg{width:%;}}<\/style>\n<div class=\"wp-block-kadence-rowlayout alignfull\"><div id=\"kt-layout-id_389e81-95\" class=\"kt-row-layout-inner kt-row-has-bg kt-layout-id_389e81-95 has-theme-palette-9-background-color\"><div class=\"kt-row-column-wrap kt-has-2-columns kt-gutter-wide kt-v-gutter-default kt-row-valign-middle kt-row-layout-left-golden kt-tab-layout-inherit kt-m-colapse-right-to-left kt-mobile-layout-row  kt-custom-first-width-70  kt-custom-second-width-30\"><style>.kadence-column_3d1370-a1 > .kt-inside-inner-col{border-top-width:0px;border-right-width:0px;border-bottom-width:0px;border-left-width:0px;}.kadence-column_3d1370-a1 > .kt-inside-inner-col,.kadence-column_3d1370-a1 > .kt-inside-inner-col:before{border-top-left-radius:0px;border-top-right-radius:0px;border-bottom-right-radius:0px;border-bottom-left-radius:0px;}.kadence-column_3d1370-a1 > .kt-inside-inner-col{column-gap:var(--global-kb-gap-sm, 1rem);}.kadence-column_3d1370-a1 > .kt-inside-inner-col{flex-direction:column;}.kadence-column_3d1370-a1 > .kt-inside-inner-col > .aligncenter{width:100%;}.kadence-column_3d1370-a1 > .kt-inside-inner-col:before{opacity:0.3;}.kadence-column_3d1370-a1{position:relative;}@media all and (max-width: 1024px){.kadence-column_3d1370-a1 > .kt-inside-inner-col{flex-direction:column;justify-content:center;}}@media all and (max-width: 767px){.kadence-column_3d1370-a1 > .kt-inside-inner-col{flex-direction:column;justify-content:center;}}<\/style>\n<div class=\"wp-block-kadence-column inner-column-1 kadence-column_3d1370-a1\" data-aos=\"fade-right\" data-aos-duration=\"1000\"><div class=\"kt-inside-inner-col\"><style>.wp-block-kadence-advancedheading.kt-adv-heading_6e1d7e-b2, .wp-block-kadence-advancedheading.kt-adv-heading_6e1d7e-b2[data-kb-block=\"kb-adv-heading_6e1d7e-b2\"]{text-align:left;font-size:1.3em;line-height:54px;font-weight:500;font-style:normal;font-family:Montserrat;}.wp-block-kadence-advancedheading.kt-adv-heading_6e1d7e-b2 mark.kt-highlight, .wp-block-kadence-advancedheading.kt-adv-heading_6e1d7e-b2[data-kb-block=\"kb-adv-heading_6e1d7e-b2\"] mark.kt-highlight{font-style:normal;color:var(--global-palette3, #1A202C);-webkit-box-decoration-break:clone;box-decoration-break:clone;padding-top:0px;padding-right:0px;padding-bottom:0px;padding-left:0px;}.wp-block-kadence-advancedheading.kt-adv-heading_6e1d7e-b2 img.kb-inline-image, .wp-block-kadence-advancedheading.kt-adv-heading_6e1d7e-b2[data-kb-block=\"kb-adv-heading_6e1d7e-b2\"] img.kb-inline-image{width:150px;vertical-align:baseline;}<\/style>\n<h3 class=\"kt-adv-heading_6e1d7e-b2 wp-block-kadence-advancedheading has-theme-palette-1-color has-text-color\" data-kb-block=\"kb-adv-heading_6e1d7e-b2\"><mark class=\"kt-highlight\"><meta charset=\"utf-8\"><mark class=\"kt-highlight\"><meta charset=\"utf-8\"><\/mark><\/mark>LUC\u00cdA V\u00c1ZQUEZ CERRATO<\/h3>\n\n\n\n<p><meta charset=\"utf-8\"><meta charset=\"utf-8\">Born in Escurial (C\u00e1ceres), Luc\u00eda V\u00e1zquez Cerrato is a graduate in Romance Philology from the University of Extremadura, a professional proofreader from the European University of Madrid, a linguistic consultant and advisor for various companies, and a translation project coordinator (or, as the fashion dictates, Project Manager) for national and international advertising, marketing, and communication companies with more than 18 years of experience. She is a founding partner of this linguistic consultancy and translation agency and of the Sala Targum\u00e1n in C\u00e1ceres (an institution that holds specialised courses and workshops for translators and proofreaders). An unabashed enthusiast of calligraphy, ink, letters, paper&#8230; and of fearlessly getting involved in interesting initiatives.<\/p>\n<\/div><\/div>\n\n\n<style>.kadence-column_8a5647-94 > .kt-inside-inner-col{border-top-width:0px;border-right-width:0px;border-bottom-width:0px;border-left-width:0px;}.kadence-column_8a5647-94 > .kt-inside-inner-col,.kadence-column_8a5647-94 > .kt-inside-inner-col:before{border-top-left-radius:0px;border-top-right-radius:0px;border-bottom-right-radius:0px;border-bottom-left-radius:0px;}.kadence-column_8a5647-94 > .kt-inside-inner-col{column-gap:var(--global-kb-gap-sm, 1rem);}.kadence-column_8a5647-94 > .kt-inside-inner-col{flex-direction:column;}.kadence-column_8a5647-94 > .kt-inside-inner-col > .aligncenter{width:100%;}.kadence-column_8a5647-94 > .kt-inside-inner-col:before{opacity:0.3;}.kadence-column_8a5647-94{position:relative;}@media all and (max-width: 1024px){.kadence-column_8a5647-94 > .kt-inside-inner-col{flex-direction:column;justify-content:center;}}@media all and (max-width: 767px){.kadence-column_8a5647-94 > .kt-inside-inner-col{flex-direction:column;justify-content:center;}}<\/style>\n<div class=\"wp-block-kadence-column inner-column-2 kadence-column_8a5647-94\" data-aos=\"fade-left\" data-aos-duration=\"1000\"><div class=\"kt-inside-inner-col\">\n<figure class=\"wp-block-image size-full is-style-rounded\"><img loading=\"lazy\" decoding=\"async\" width=\"500\" height=\"500\" src=\"https:\/\/logios-traducciones.biz\/wp-content\/uploads\/2021\/08\/lucia-vazquez-cerrato.png\" alt=\"Luc\u00eda V\u00e1zquez Cerrato\" class=\"wp-image-250\" srcset=\"https:\/\/logios-traducciones.biz\/wp-content\/uploads\/2021\/08\/lucia-vazquez-cerrato.png 500w, https:\/\/logios-traducciones.biz\/wp-content\/uploads\/2021\/08\/lucia-vazquez-cerrato-300x300.png 300w, https:\/\/logios-traducciones.biz\/wp-content\/uploads\/2021\/08\/lucia-vazquez-cerrato-150x150.png 150w\" sizes=\"auto, (max-width: 500px) 100vw, 500px\" \/><\/figure>\n<\/div><\/div>\n<\/div><\/div><\/div>\n\n\n<style>#kt-layout-id_5c885b-7d > .kt-row-column-wrap{align-content:center;}:where(#kt-layout-id_5c885b-7d > .kt-row-column-wrap) > .wp-block-kadence-column{justify-content:center;}#kt-layout-id_5c885b-7d > .kt-row-column-wrap{column-gap:40px;row-gap:var(--global-kb-gap-md, 2rem);max-width:1120px;margin-left:auto;margin-right:auto;padding-top:var( --global-kb-row-default-top, 25px );padding-bottom:var( --global-kb-row-default-bottom, 25px );padding-top:40px;padding-bottom:60px;grid-template-columns:minmax(0, calc(30% - ((40px * 1 )\/2)))minmax(0, calc(70% - ((40px * 1 )\/2)));}#kt-layout-id_5c885b-7d > .kt-row-layout-overlay{opacity:0.30;}#kt-layout-id_5c885b-7d .kt-row-layout-bottom-sep{height:120px;}#kt-layout-id_5c885b-7d .kt-row-layout-bottom-sep svg{width:100%;}#kt-layout-id_5c885b-7d .kt-row-layout-bottom-sep svg{fill:var(--global-palette9, #ffffff)!important;}#kt-layout-id_5c885b-7d .kt-row-layout-top-sep{height:100px;}#kt-layout-id_5c885b-7d .kt-row-layout-top-sep svg{width:100%;}#kt-layout-id_5c885b-7d .kt-row-layout-top-sep svg{fill:#ffffff!important;}@media all and (max-width: 1024px){#kt-layout-id_5c885b-7d > .kt-row-column-wrap{grid-template-columns:minmax(0, 2fr) minmax(0, 1fr);}}@media all and (max-width: 1024px){#kt-layout-id_5c885b-7d .kt-row-layout-bottom-sep{height:px;}}@media all and (max-width: 1024px){#kt-layout-id_5c885b-7d .kt-row-layout-bottom-sep svg{width:%;}}@media all and (max-width: 767px){#kt-layout-id_5c885b-7d > .kt-row-column-wrap{grid-template-columns:minmax(0, 1fr);}#kt-layout-id_5c885b-7d .kt-row-layout-bottom-sep{height:px;}#kt-layout-id_5c885b-7d .kt-row-layout-bottom-sep svg{width:%;}}<\/style>\n<div class=\"wp-block-kadence-rowlayout alignfull\"><div id=\"kt-layout-id_5c885b-7d\" class=\"kt-row-layout-inner kt-layout-id_5c885b-7d\"><div class=\"kt-row-column-wrap kt-has-2-columns kt-gutter-wide kt-v-gutter-default kt-row-valign-middle kt-row-layout-left-golden kt-tab-layout-inherit kt-m-colapse-left-to-right kt-mobile-layout-row  kt-custom-first-width-30  kt-custom-second-width-70\"><style>.kadence-column_40fc49-e7 > .kt-inside-inner-col{border-top-width:0px;border-right-width:0px;border-bottom-width:0px;border-left-width:0px;}.kadence-column_40fc49-e7 > .kt-inside-inner-col,.kadence-column_40fc49-e7 > .kt-inside-inner-col:before{border-top-left-radius:0px;border-top-right-radius:0px;border-bottom-right-radius:0px;border-bottom-left-radius:0px;}.kadence-column_40fc49-e7 > .kt-inside-inner-col{column-gap:var(--global-kb-gap-sm, 1rem);}.kadence-column_40fc49-e7 > .kt-inside-inner-col{flex-direction:column;}.kadence-column_40fc49-e7 > .kt-inside-inner-col > .aligncenter{width:100%;}.kadence-column_40fc49-e7 > .kt-inside-inner-col:before{opacity:0.3;}.kadence-column_40fc49-e7{position:relative;}@media all and (max-width: 1024px){.kadence-column_40fc49-e7 > .kt-inside-inner-col{flex-direction:column;justify-content:center;}}@media all and (max-width: 767px){.kadence-column_40fc49-e7 > .kt-inside-inner-col{flex-direction:column;justify-content:center;}}<\/style>\n<div class=\"wp-block-kadence-column inner-column-1 kadence-column_40fc49-e7\" data-aos=\"fade-right\" data-aos-duration=\"1000\"><div class=\"kt-inside-inner-col\">\n<figure class=\"wp-block-image size-full is-style-rounded\"><img loading=\"lazy\" decoding=\"async\" width=\"500\" height=\"500\" src=\"https:\/\/logios-traducciones.biz\/wp-content\/uploads\/2021\/08\/alfredo-sendin-dominguez.png\" alt=\"Alfredo Send\u00edn Dom\u00ednguez\" class=\"wp-image-249\" srcset=\"https:\/\/logios-traducciones.biz\/wp-content\/uploads\/2021\/08\/alfredo-sendin-dominguez.png 500w, https:\/\/logios-traducciones.biz\/wp-content\/uploads\/2021\/08\/alfredo-sendin-dominguez-300x300.png 300w, https:\/\/logios-traducciones.biz\/wp-content\/uploads\/2021\/08\/alfredo-sendin-dominguez-150x150.png 150w\" sizes=\"auto, (max-width: 500px) 100vw, 500px\" \/><\/figure>\n<\/div><\/div>\n\n\n<style>.kadence-column_4f75f5-d8 > .kt-inside-inner-col{border-top-width:0px;border-right-width:0px;border-bottom-width:0px;border-left-width:0px;}.kadence-column_4f75f5-d8 > .kt-inside-inner-col,.kadence-column_4f75f5-d8 > .kt-inside-inner-col:before{border-top-left-radius:0px;border-top-right-radius:0px;border-bottom-right-radius:0px;border-bottom-left-radius:0px;}.kadence-column_4f75f5-d8 > .kt-inside-inner-col{column-gap:var(--global-kb-gap-sm, 1rem);}.kadence-column_4f75f5-d8 > .kt-inside-inner-col{flex-direction:column;}.kadence-column_4f75f5-d8 > .kt-inside-inner-col > .aligncenter{width:100%;}.kadence-column_4f75f5-d8 > .kt-inside-inner-col:before{opacity:0.3;}.kadence-column_4f75f5-d8{position:relative;}@media all and (max-width: 1024px){.kadence-column_4f75f5-d8 > .kt-inside-inner-col{flex-direction:column;justify-content:center;}}@media all and (max-width: 767px){.kadence-column_4f75f5-d8 > .kt-inside-inner-col{flex-direction:column;justify-content:center;}}<\/style>\n<div class=\"wp-block-kadence-column inner-column-2 kadence-column_4f75f5-d8\" data-aos=\"fade-left\" data-aos-duration=\"1000\"><div class=\"kt-inside-inner-col\"><style>.wp-block-kadence-advancedheading.kt-adv-heading_2c410e-e7, .wp-block-kadence-advancedheading.kt-adv-heading_2c410e-e7[data-kb-block=\"kb-adv-heading_2c410e-e7\"]{text-align:left;font-size:1.3em;line-height:54px;font-weight:500;font-style:normal;font-family:Montserrat;}.wp-block-kadence-advancedheading.kt-adv-heading_2c410e-e7 mark.kt-highlight, .wp-block-kadence-advancedheading.kt-adv-heading_2c410e-e7[data-kb-block=\"kb-adv-heading_2c410e-e7\"] mark.kt-highlight{font-style:normal;color:var(--global-palette3, #1A202C);-webkit-box-decoration-break:clone;box-decoration-break:clone;padding-top:0px;padding-right:0px;padding-bottom:0px;padding-left:0px;}.wp-block-kadence-advancedheading.kt-adv-heading_2c410e-e7 img.kb-inline-image, .wp-block-kadence-advancedheading.kt-adv-heading_2c410e-e7[data-kb-block=\"kb-adv-heading_2c410e-e7\"] img.kb-inline-image{width:150px;vertical-align:baseline;}<\/style>\n<h3 class=\"kt-adv-heading_2c410e-e7 wp-block-kadence-advancedheading has-theme-palette-1-color has-text-color\" data-kb-block=\"kb-adv-heading_2c410e-e7\"><mark class=\"kt-highlight\"><meta charset=\"utf-8\"><mark class=\"kt-highlight\"><meta charset=\"utf-8\"><\/mark><\/mark>ALFREDO SEND\u00cdN DOM\u00cdNGUEZ<\/h3>\n\n\n\n<p class=\"has-text-align-left\"><meta charset=\"utf-8\"><meta charset=\"utf-8\">Born in Madrid, but now residing in C\u00e1ceres, Alfredo Send\u00edn Dom\u00ednguez holds a degree in English Philology from the University of Alcal\u00e1 de Henares and a master&#8217;s degree in Audiovisual Translation from the University of Seville. Translator, transcreator, and proofreader with 20 years of experience working with Spanish, European, and North American companies. He is a founding member of this company and has a hidden passion for fantasy and science fiction and an obsession for conciseness and precision in writing. He is also an enthusiastic master&#8217;s swimmer, from which comes his penchant for diving headfirst into whatever captures his interest.<\/p>\n<\/div><\/div>\n<\/div><\/div><\/div>\n\n\n<style>#kt-layout-id_c92fcc-92 > .kt-row-column-wrap{align-content:center;}:where(#kt-layout-id_c92fcc-92 > .kt-row-column-wrap) > .wp-block-kadence-column{justify-content:center;}#kt-layout-id_c92fcc-92 > .kt-row-column-wrap{column-gap:40px;row-gap:var(--global-kb-gap-md, 2rem);max-width:1120px;margin-left:auto;margin-right:auto;padding-top:var( --global-kb-row-default-top, 25px );padding-bottom:var( --global-kb-row-default-bottom, 25px );padding-top:40px;padding-bottom:100px;grid-template-columns:minmax(0, calc(70% - ((40px * 1 )\/2)))minmax(0, calc(30% - ((40px * 1 )\/2)));}#kt-layout-id_c92fcc-92 > .kt-row-layout-overlay{opacity:0.30;}#kt-layout-id_c92fcc-92 .kt-row-layout-bottom-sep{height:120px;}#kt-layout-id_c92fcc-92 .kt-row-layout-bottom-sep svg{width:100%;}#kt-layout-id_c92fcc-92 .kt-row-layout-bottom-sep svg{fill:var(--global-palette8, #F7FAFC)!important;}#kt-layout-id_c92fcc-92 .kt-row-layout-top-sep{height:100px;}#kt-layout-id_c92fcc-92 .kt-row-layout-top-sep svg{width:100%;}#kt-layout-id_c92fcc-92 .kt-row-layout-top-sep svg{fill:#ffffff!important;}@media all and (max-width: 1024px){#kt-layout-id_c92fcc-92 > .kt-row-column-wrap{grid-template-columns:minmax(0, 2fr) minmax(0, 1fr);}}@media all and (max-width: 1024px){#kt-layout-id_c92fcc-92 .kt-row-layout-bottom-sep{height:px;}}@media all and (max-width: 1024px){#kt-layout-id_c92fcc-92 .kt-row-layout-bottom-sep svg{width:%;}}@media all and (max-width: 767px){#kt-layout-id_c92fcc-92 > .kt-row-column-wrap{grid-template-columns:minmax(0, 1fr);}#kt-layout-id_c92fcc-92 > .kt-row-column-wrap > .wp-block-kadence-column:nth-child(1 of *:not(style)){order:2;}#kt-layout-id_c92fcc-92 > .kt-row-column-wrap > .wp-block-kadence-column:nth-child(2 of *:not(style)){order:1;}#kt-layout-id_c92fcc-92 > .kt-row-column-wrap > .wp-block-kadence-column:nth-child(3 of *:not(style)){order:12;}#kt-layout-id_c92fcc-92 > .kt-row-column-wrap > .wp-block-kadence-column:nth-child(4 of *:not(style)){order:11;}#kt-layout-id_c92fcc-92 > .kt-row-column-wrap > .wp-block-kadence-column:nth-child(5 of *:not(style)){order:22;}#kt-layout-id_c92fcc-92 > .kt-row-column-wrap > .wp-block-kadence-column:nth-child(6 of *:not(style)){order:21;}#kt-layout-id_c92fcc-92 > .kt-row-column-wrap > .wp-block-kadence-column:nth-child(7 of *:not(style)){order:32;}#kt-layout-id_c92fcc-92 > .kt-row-column-wrap > .wp-block-kadence-column:nth-child(8 of *:not(style)){order:31;}#kt-layout-id_c92fcc-92 .kt-row-layout-bottom-sep{height:px;}#kt-layout-id_c92fcc-92 .kt-row-layout-bottom-sep svg{width:%;}}<\/style>\n<div class=\"wp-block-kadence-rowlayout alignfull\"><div id=\"kt-layout-id_c92fcc-92\" class=\"kt-row-layout-inner kt-row-has-bg kt-layout-id_c92fcc-92 has-theme-palette-9-background-color\"><div class=\"kt-row-column-wrap kt-has-2-columns kt-gutter-wide kt-v-gutter-default kt-row-valign-middle kt-row-layout-left-golden kt-tab-layout-inherit kt-m-colapse-right-to-left kt-mobile-layout-row  kt-custom-first-width-70  kt-custom-second-width-30\"><style>.kadence-column_fe79ef-6d > .kt-inside-inner-col{border-top-width:0px;border-right-width:0px;border-bottom-width:0px;border-left-width:0px;}.kadence-column_fe79ef-6d > .kt-inside-inner-col,.kadence-column_fe79ef-6d > .kt-inside-inner-col:before{border-top-left-radius:0px;border-top-right-radius:0px;border-bottom-right-radius:0px;border-bottom-left-radius:0px;}.kadence-column_fe79ef-6d > .kt-inside-inner-col{column-gap:var(--global-kb-gap-sm, 1rem);}.kadence-column_fe79ef-6d > .kt-inside-inner-col{flex-direction:column;}.kadence-column_fe79ef-6d > .kt-inside-inner-col > .aligncenter{width:100%;}.kadence-column_fe79ef-6d > .kt-inside-inner-col:before{opacity:0.3;}.kadence-column_fe79ef-6d{position:relative;}@media all and (max-width: 1024px){.kadence-column_fe79ef-6d > .kt-inside-inner-col{flex-direction:column;justify-content:center;}}@media all and (max-width: 767px){.kadence-column_fe79ef-6d > .kt-inside-inner-col{flex-direction:column;justify-content:center;}}<\/style>\n<div class=\"wp-block-kadence-column inner-column-1 kadence-column_fe79ef-6d\" data-aos=\"fade-right\" data-aos-duration=\"1000\"><div class=\"kt-inside-inner-col\"><style>.wp-block-kadence-advancedheading.kt-adv-heading_18d700-e1, .wp-block-kadence-advancedheading.kt-adv-heading_18d700-e1[data-kb-block=\"kb-adv-heading_18d700-e1\"]{text-align:left;font-size:1.3em;line-height:54px;font-weight:500;font-style:normal;font-family:Montserrat;}.wp-block-kadence-advancedheading.kt-adv-heading_18d700-e1 mark.kt-highlight, .wp-block-kadence-advancedheading.kt-adv-heading_18d700-e1[data-kb-block=\"kb-adv-heading_18d700-e1\"] mark.kt-highlight{font-style:normal;color:var(--global-palette3, #1A202C);-webkit-box-decoration-break:clone;box-decoration-break:clone;padding-top:0px;padding-right:0px;padding-bottom:0px;padding-left:0px;}.wp-block-kadence-advancedheading.kt-adv-heading_18d700-e1 img.kb-inline-image, .wp-block-kadence-advancedheading.kt-adv-heading_18d700-e1[data-kb-block=\"kb-adv-heading_18d700-e1\"] img.kb-inline-image{width:150px;vertical-align:baseline;}<\/style>\n<h3 class=\"kt-adv-heading_18d700-e1 wp-block-kadence-advancedheading has-theme-palette-1-color has-text-color\" data-kb-block=\"kb-adv-heading_18d700-e1\"><mark class=\"kt-highlight\"><meta charset=\"utf-8\"><mark class=\"kt-highlight\"><meta charset=\"utf-8\"><\/mark><\/mark>MAR\u00cdA VALERO ESPACIO<\/h3>\n\n\n\n<p><meta charset=\"utf-8\"><meta charset=\"utf-8\">Born in C\u00e1ceres, Mar\u00eda Valero Espacio holds a degree in Audiovisual Communication from the Rey Juan Carlos University in Madrid and is a Senior Technician in Audiovisual Media from the El Brocense Institute in C\u00e1ceres. She is a professional layout designer of print and electronic publications for various companies and publishers. A specialist in editing video and photography, she has experience in projects in Spain and Portugal and has worked as a Community Manager for several national companies. She loves crochet, knitting, embroidery and macram\u00e9, and is always ready to stitch anything, if necessary.<\/p>\n<\/div><\/div>\n\n\n<style>.kadence-column_792a94-7f > .kt-inside-inner-col{border-top-width:0px;border-right-width:0px;border-bottom-width:0px;border-left-width:0px;}.kadence-column_792a94-7f > .kt-inside-inner-col,.kadence-column_792a94-7f > .kt-inside-inner-col:before{border-top-left-radius:0px;border-top-right-radius:0px;border-bottom-right-radius:0px;border-bottom-left-radius:0px;}.kadence-column_792a94-7f > .kt-inside-inner-col{column-gap:var(--global-kb-gap-sm, 1rem);}.kadence-column_792a94-7f > .kt-inside-inner-col{flex-direction:column;}.kadence-column_792a94-7f > .kt-inside-inner-col > .aligncenter{width:100%;}.kadence-column_792a94-7f > .kt-inside-inner-col:before{opacity:0.3;}.kadence-column_792a94-7f{position:relative;}@media all and (max-width: 1024px){.kadence-column_792a94-7f > .kt-inside-inner-col{flex-direction:column;justify-content:center;}}@media all and (max-width: 767px){.kadence-column_792a94-7f > .kt-inside-inner-col{flex-direction:column;justify-content:center;}}<\/style>\n<div class=\"wp-block-kadence-column inner-column-2 kadence-column_792a94-7f\" data-aos=\"fade-left\" data-aos-duration=\"1000\"><div class=\"kt-inside-inner-col\">\n<figure class=\"wp-block-image size-full is-style-rounded\"><img loading=\"lazy\" decoding=\"async\" width=\"500\" height=\"500\" src=\"https:\/\/logios-traducciones.biz\/wp-content\/uploads\/2021\/08\/maria-valero-espacio.png\" alt=\"Mar\u00eda Valero Espacio\" class=\"wp-image-252\" srcset=\"https:\/\/logios-traducciones.biz\/wp-content\/uploads\/2021\/08\/maria-valero-espacio.png 500w, https:\/\/logios-traducciones.biz\/wp-content\/uploads\/2021\/08\/maria-valero-espacio-300x300.png 300w, https:\/\/logios-traducciones.biz\/wp-content\/uploads\/2021\/08\/maria-valero-espacio-150x150.png 150w\" sizes=\"auto, (max-width: 500px) 100vw, 500px\" \/><\/figure>\n<\/div><\/div>\n<\/div><\/div><\/div>\n","protected":false},"excerpt":{"rendered":"<p>LUC\u00cdA V\u00c1ZQUEZ CERRATO Born in Escurial (C\u00e1ceres), Luc\u00eda V\u00e1zquez Cerrato is a graduate in Romance Philology from the University of Extremadura, a professional proofreader from the European University of Madrid, a linguistic consultant and advisor for various companies, and a translation project coordinator (or, as the fashion dictates, Project Manager) for national and international advertising,&#8230;<\/p>\n","protected":false},"author":1,"featured_media":0,"parent":0,"menu_order":0,"comment_status":"closed","ping_status":"closed","template":"","meta":{"_seopress_robots_primary_cat":"","_seopress_titles_title":"","_seopress_titles_desc":"","_seopress_robots_index":"","_kad_blocks_custom_css":"","_kad_blocks_head_custom_js":"","_kad_blocks_body_custom_js":"","_kad_blocks_footer_custom_js":"","_kad_post_transparent":"","_kad_post_title":"","_kad_post_layout":"fullwidth","_kad_post_sidebar_id":"","_kad_post_content_style":"","_kad_post_vertical_padding":"","_kad_post_feature":"","_kad_post_feature_position":"","_kad_post_header":false,"_kad_post_footer":false,"footnotes":""},"class_list":["post-559","page","type-page","status-publish","hentry"],"taxonomy_info":[],"featured_image_src_large":false,"author_info":{"display_name":"joana","author_link":"https:\/\/logios-traducciones.biz\/en\/author\/joana\/"},"comment_info":0,"_links":{"self":[{"href":"https:\/\/logios-traducciones.biz\/en\/wp-json\/wp\/v2\/pages\/559","targetHints":{"allow":["GET"]}}],"collection":[{"href":"https:\/\/logios-traducciones.biz\/en\/wp-json\/wp\/v2\/pages"}],"about":[{"href":"https:\/\/logios-traducciones.biz\/en\/wp-json\/wp\/v2\/types\/page"}],"author":[{"embeddable":true,"href":"https:\/\/logios-traducciones.biz\/en\/wp-json\/wp\/v2\/users\/1"}],"replies":[{"embeddable":true,"href":"https:\/\/logios-traducciones.biz\/en\/wp-json\/wp\/v2\/comments?post=559"}],"version-history":[{"count":5,"href":"https:\/\/logios-traducciones.biz\/en\/wp-json\/wp\/v2\/pages\/559\/revisions"}],"predecessor-version":[{"id":565,"href":"https:\/\/logios-traducciones.biz\/en\/wp-json\/wp\/v2\/pages\/559\/revisions\/565"}],"wp:attachment":[{"href":"https:\/\/logios-traducciones.biz\/en\/wp-json\/wp\/v2\/media?parent=559"}],"curies":[{"name":"wp","href":"https:\/\/api.w.org\/{rel}","templated":true}]}}